{"id":21957,"date":"2023-05-10T14:26:55","date_gmt":"2023-05-10T14:26:55","guid":{"rendered":"https:\/\/expressate.es\/?page_id=21957"},"modified":"2025-07-31T09:15:11","modified_gmt":"2025-07-31T09:15:11","slug":"private-label","status":"publish","type":"page","link":"https:\/\/expressate.es\/es\/private-label\/","title":{"rendered":"Marca Privada"},"content":{"rendered":"<div data-elementor-type=\"wp-page\" data-elementor-id=\"21957\" class=\"elementor elementor-21957\">\n\t\t\t\t\t\t<section class=\"elementor-section elementor-top-section elementor-element elementor-element-0b585ab elementor-section-boxed elementor-section-height-default elementor-section-height-default sc_fly_static\" data-id=\"0b585ab\" data-element_type=\"section\">\n\t\t\t\t\t\t<div class=\"elementor-container elementor-column-gap-extended\">\n\t\t\t\t\t<div class=\"elementor-column elementor-col-100 elementor-top-column elementor-element elementor-element-31c5648 sc_inner_width_none sc_content_align_inherit sc_layouts_column_icons_position_left sc_fly_static\" data-id=\"31c5648\" data-element_type=\"column\">\n\t\t\t<div class=\"elementor-widget-wrap elementor-element-populated\">\n\t\t\t\t\t\t<div class=\"elementor-element elementor-element-06d2a64 sc_height_huge sc_fly_static elementor-widget elementor-widget-spacer\" data-id=\"06d2a64\" data-element_type=\"widget\" data-widget_type=\"spacer.default\">\n\t\t\t\t<div class=\"elementor-widget-container\">\n\t\t\t\t\t\t\t<div class=\"elementor-spacer\">\n\t\t\t<div class=\"elementor-spacer-inner\"><\/div>\n\t\t<\/div>\n\t\t\t\t\t\t<\/div>\n\t\t\t\t<\/div>\n\t\t\t\t\t<\/div>\n\t\t<\/div>\n\t\t\t\t\t<\/div>\n\t\t<\/section>\n\t\t\t\t<section class=\"elementor-section elementor-top-section elementor-element elementor-element-2a826ef5 elementor-section-boxed elementor-section-height-default elementor-section-height-default sc_fly_static\" data-id=\"2a826ef5\" data-element_type=\"section\">\n\t\t\t\t\t\t<div class=\"elementor-container elementor-column-gap-extended\">\n\t\t\t\t\t<div class=\"elementor-column elementor-col-50 elementor-top-column elementor-element elementor-element-7168c760 sc_inner_width_none sc_content_align_inherit sc_layouts_column_icons_position_left sc_fly_static\" data-id=\"7168c760\" data-element_type=\"column\">\n\t\t\t<div class=\"elementor-widget-wrap elementor-element-populated\">\n\t\t\t\t\t\t<div data-parallax-params=\"{&quot;parallax&quot;:1,&quot;flow&quot;:&quot;entrance&quot;,&quot;crop&quot;:&quot;none&quot;,&quot;ease&quot;:&quot;power2&quot;,&quot;duration&quot;:1,&quot;delay&quot;:0,&quot;squeeze&quot;:1,&quot;text&quot;:&quot;block&quot;,&quot;text_separate&quot;:0,&quot;text_wrap&quot;:0,&quot;mouse&quot;:0,&quot;mouse_type&quot;:&quot;transform3d&quot;,&quot;mouse_tilt_amount&quot;:70,&quot;mouse_speed&quot;:10,&quot;mouse_z&quot;:&quot;&quot;,&quot;mouse_handler&quot;:&quot;row&quot;,&quot;range_start&quot;:0,&quot;range_end&quot;:40,&quot;sticky_offset&quot;:0,&quot;lag&quot;:0,&quot;x_start&quot;:0,&quot;x_start_unit&quot;:&quot;px&quot;,&quot;x_end&quot;:0,&quot;x_end_unit&quot;:&quot;px&quot;,&quot;y_start&quot;:0,&quot;y_start_unit&quot;:&quot;px&quot;,&quot;y_end&quot;:0,&quot;y_end_unit&quot;:&quot;px&quot;,&quot;scale_start&quot;:100,&quot;scale_end&quot;:100,&quot;rotate_start&quot;:0,&quot;rotate_end&quot;:0,&quot;opacity_start&quot;:1,&quot;opacity_end&quot;:1,&quot;crop_start&quot;:0,&quot;crop_end&quot;:100}\" class=\"elementor-element elementor-element-aee107b sc_parallax sc_parallax_entrance sc_fly_static elementor-widget elementor-widget-image\" data-id=\"aee107b\" data-element_type=\"widget\" data-widget_type=\"image.default\">\n\t\t\t\t<div class=\"elementor-widget-container\">\n\t\t\t\t\t\t\t\t\t\t\t\t\t\t\t<img fetchpriority=\"high\" decoding=\"async\" width=\"655\" height=\"792\" src=\"https:\/\/expressate.es\/wp-content\/uploads\/2023\/05\/private-label-expressate.png\" class=\"attachment-full size-full wp-image-22317\" alt=\"\" srcset=\"https:\/\/expressate.es\/wp-content\/uploads\/2023\/05\/private-label-expressate.png 655w, https:\/\/expressate.es\/wp-content\/uploads\/2023\/05\/private-label-expressate-248x300.png 248w, https:\/\/expressate.es\/wp-content\/uploads\/2023\/05\/private-label-expressate-10x12.png 10w, https:\/\/expressate.es\/wp-content\/uploads\/2023\/05\/private-label-expressate-370x447.png 370w, https:\/\/expressate.es\/wp-content\/uploads\/2023\/05\/private-label-expressate-410x496.png 410w\" sizes=\"(max-width: 655px) 100vw, 655px\" \/>\t\t\t\t\t\t\t\t\t\t\t\t\t\t\t<\/div>\n\t\t\t\t<\/div>\n\t\t\t\t\t<\/div>\n\t\t<\/div>\n\t\t\t\t<div class=\"elementor-column elementor-col-50 elementor-top-column elementor-element elementor-element-29416ba sc_inner_width_none sc_content_align_inherit sc_layouts_column_icons_position_left sc_fly_static\" data-id=\"29416ba\" data-element_type=\"column\" data-settings=\"{&quot;background_background&quot;:&quot;classic&quot;}\">\n\t\t\t<div class=\"elementor-widget-wrap elementor-element-populated\">\n\t\t\t\t\t\t<div class=\"elementor-element elementor-element-754f4f07 sc_fly_static elementor-widget elementor-widget-trx_sc_title\" data-id=\"754f4f07\" data-element_type=\"widget\" data-widget_type=\"trx_sc_title.default\">\n\t\t\t\t<div class=\"elementor-widget-container\">\n\t\t\t\t\t<div\t\tclass=\"sc_title sc_title_default\" ><h1 class=\"sc_item_title sc_title_title sc_item_title_style_default sc_item_title_tag\"\n\t\t\t><span class=\"sc_item_title_text\">Cree y lanze su marca en <span class=\"has-text-link-color\">14 d\u00edas<\/span>*<\/span><\/h1><div class=\"sc_item_descr sc_title_descr\"><p>Elija su caf\u00e9 entre nuestros blends, seleccione su propio tipo de c\u00e1psula y colores, personalice la tapa, cree su propio dise\u00f1o de envase y \u00a1lance la marca de caf\u00e9 con la que siempre so\u00f1\u00f3!<\/p>\n<\/div><\/div>\t\t\t\t<\/div>\n\t\t\t\t<\/div>\n\t\t\t\t<div class=\"elementor-element elementor-element-b131471 sc_height_small sc_fly_static elementor-widget elementor-widget-spacer\" data-id=\"b131471\" data-element_type=\"widget\" data-widget_type=\"spacer.default\">\n\t\t\t\t<div class=\"elementor-widget-container\">\n\t\t\t\t\t\t\t<div class=\"elementor-spacer\">\n\t\t\t<div class=\"elementor-spacer-inner\"><\/div>\n\t\t<\/div>\n\t\t\t\t\t\t<\/div>\n\t\t\t\t<\/div>\n\t\t\t\t<div class=\"elementor-element elementor-element-e4a6e2d sc_fly_static elementor-widget elementor-widget-text-editor\" data-id=\"e4a6e2d\" data-element_type=\"widget\" data-widget_type=\"text-editor.default\">\n\t\t\t\t<div class=\"elementor-widget-container\">\n\t\t\t\t\t\t\t\t\t<p><strong>\u00bfLe gustar\u00eda crear su propia marca?<\/strong><\/p>\t\t\t\t\t\t\t\t<\/div>\n\t\t\t\t<\/div>\n\t\t\t\t<div class=\"elementor-element elementor-element-ec96905 sc_height_small sc_fly_static elementor-widget elementor-widget-spacer\" data-id=\"ec96905\" data-element_type=\"widget\" data-widget_type=\"spacer.default\">\n\t\t\t\t<div class=\"elementor-widget-container\">\n\t\t\t\t\t\t\t<div class=\"elementor-spacer\">\n\t\t\t<div class=\"elementor-spacer-inner\"><\/div>\n\t\t<\/div>\n\t\t\t\t\t\t<\/div>\n\t\t\t\t<\/div>\n\t\t\t\t<div class=\"elementor-element elementor-element-7aa58fe1 sc_fly_static elementor-widget elementor-widget-trx_sc_button\" data-id=\"7aa58fe1\" data-element_type=\"widget\" data-widget_type=\"trx_sc_button.default\">\n\t\t\t\t<div class=\"elementor-widget-container\">\n\t\t\t\t\t<div\tclass=\"sc_item_button sc_button_wrap sc_align_left\" ><a href=\"https:\/\/expressate.es\/es\/contact-us\/\" class=\"sc_button sc_button_bordered sc_button_size_normal sc_button_with_icon sc_button_icon_left color_style_dark\" ><span class=\"sc_button_icon\"><span class=\"icon-checkbox\"><\/span><\/span><span class=\"sc_button_text\"><span class=\"sc_button_title\">Rellene el formulario de contacto<\/span><\/span><\/a><\/div>\t\t\t\t<\/div>\n\t\t\t\t<\/div>\n\t\t\t\t<div class=\"elementor-element elementor-element-1b1743b sc_height_tiny sc_fly_static elementor-widget elementor-widget-spacer\" data-id=\"1b1743b\" data-element_type=\"widget\" data-widget_type=\"spacer.default\">\n\t\t\t\t<div class=\"elementor-widget-container\">\n\t\t\t\t\t\t\t<div class=\"elementor-spacer\">\n\t\t\t<div class=\"elementor-spacer-inner\"><\/div>\n\t\t<\/div>\n\t\t\t\t\t\t<\/div>\n\t\t\t\t<\/div>\n\t\t\t\t<div class=\"elementor-element elementor-element-142066c7 sc_fly_static elementor-widget elementor-widget-text-editor\" data-id=\"142066c7\" data-element_type=\"widget\" data-widget_type=\"text-editor.default\">\n\t\t\t\t<div class=\"elementor-widget-container\">\n\t\t\t\t\t\t\t\t\t*El tiempo estimado puede variar considerablemente dependiendo <\/br>del cliente y del tipo de producto\t\t\t\t\t\t\t\t<\/div>\n\t\t\t\t<\/div>\n\t\t\t\t\t<\/div>\n\t\t<\/div>\n\t\t\t\t\t<\/div>\n\t\t<\/section>\n\t\t\t\t<section class=\"elementor-section elementor-top-section elementor-element elementor-element-a34576e elementor-section-boxed elementor-section-height-default elementor-section-height-default sc_fly_static\" data-id=\"a34576e\" data-element_type=\"section\">\n\t\t\t\t\t\t<div class=\"elementor-container elementor-column-gap-extended\">\n\t\t\t\t\t<div class=\"elementor-column elementor-col-100 elementor-top-column elementor-element elementor-element-06e90e0 sc_inner_width_none sc_content_align_inherit sc_layouts_column_icons_position_left sc_fly_static\" data-id=\"06e90e0\" data-element_type=\"column\">\n\t\t\t<div class=\"elementor-widget-wrap elementor-element-populated\">\n\t\t\t\t\t\t<div class=\"elementor-element elementor-element-e9746a9 sc_height_huge sc_fly_static elementor-widget elementor-widget-spacer\" data-id=\"e9746a9\" data-element_type=\"widget\" data-widget_type=\"spacer.default\">\n\t\t\t\t<div class=\"elementor-widget-container\">\n\t\t\t\t\t\t\t<div class=\"elementor-spacer\">\n\t\t\t<div class=\"elementor-spacer-inner\"><\/div>\n\t\t<\/div>\n\t\t\t\t\t\t<\/div>\n\t\t\t\t<\/div>\n\t\t\t\t\t<\/div>\n\t\t<\/div>\n\t\t\t\t\t<\/div>\n\t\t<\/section>\n\t\t\t\t<section class=\"elementor-section elementor-top-section elementor-element elementor-element-340d0ed elementor-section-boxed elementor-section-height-default elementor-section-height-default sc_fly_static\" data-id=\"340d0ed\" data-element_type=\"section\">\n\t\t\t\t\t\t<div class=\"elementor-container elementor-column-gap-extended\">\n\t\t\t\t\t<div class=\"elementor-column elementor-col-100 elementor-top-column elementor-element elementor-element-a389898 sc_inner_width_none sc_content_align_inherit sc_layouts_column_icons_position_left sc_fly_static\" data-id=\"a389898\" data-element_type=\"column\">\n\t\t\t<div class=\"elementor-widget-wrap elementor-element-populated\">\n\t\t\t\t\t\t<div class=\"elementor-element elementor-element-a1b92dc sc_fly_static elementor-widget elementor-widget-trx_sc_title\" data-id=\"a1b92dc\" data-element_type=\"widget\" data-widget_type=\"trx_sc_title.default\">\n\t\t\t\t<div class=\"elementor-widget-container\">\n\t\t\t\t\t<div\t\tclass=\"sc_title sc_title_default\" ><span class=\"sc_item_subtitle sc_title_subtitle sc_align_center sc_item_subtitle_above sc_item_title_style_default\">Marca Privada<\/span><h1 class=\"sc_item_title sc_title_title sc_align_center sc_item_title_style_default sc_item_title_tag\"\n\t\t\t><span class=\"sc_item_title_text\">Tu Marca en 5 Pasos<\/span><\/h1><\/div>\t\t\t\t<\/div>\n\t\t\t\t<\/div>\n\t\t\t\t<div class=\"elementor-element elementor-element-6429da8 sc_height_small sc_fly_static elementor-widget elementor-widget-spacer\" data-id=\"6429da8\" data-element_type=\"widget\" data-widget_type=\"spacer.default\">\n\t\t\t\t<div class=\"elementor-widget-container\">\n\t\t\t\t\t\t\t<div class=\"elementor-spacer\">\n\t\t\t<div class=\"elementor-spacer-inner\"><\/div>\n\t\t<\/div>\n\t\t\t\t\t\t<\/div>\n\t\t\t\t<\/div>\n\t\t\t\t<div class=\"elementor-element elementor-element-97a9d0f sc_fly_static elementor-widget elementor-widget-trx_sc_button\" data-id=\"97a9d0f\" data-element_type=\"widget\" data-widget_type=\"trx_sc_button.default\">\n\t\t\t\t<div class=\"elementor-widget-container\">\n\t\t\t\t\t<div\tclass=\"sc_item_button sc_button_wrap sc_align_center\" ><a href=\"mailto:info@expressate.es\" class=\"sc_button sc_button_simple button_bg_icon_color  sc_button_size_normal sc_button_with_icon sc_button_icon_left color_style_dark\" ><span class=\"sc_button_icon\"><span class=\"icon-mail-empty\"><\/span><\/span><span class=\"sc_button_text\"><span class=\"sc_button_title\">info@expressate.es<\/span><\/span><\/a><\/div>\t\t\t\t<\/div>\n\t\t\t\t<\/div>\n\t\t\t\t<div class=\"elementor-element elementor-element-39e7a01 sc_height_medium sc_fly_static elementor-widget elementor-widget-spacer\" data-id=\"39e7a01\" data-element_type=\"widget\" data-widget_type=\"spacer.default\">\n\t\t\t\t<div class=\"elementor-widget-container\">\n\t\t\t\t\t\t\t<div class=\"elementor-spacer\">\n\t\t\t<div class=\"elementor-spacer-inner\"><\/div>\n\t\t<\/div>\n\t\t\t\t\t\t<\/div>\n\t\t\t\t<\/div>\n\t\t\t\t\t<\/div>\n\t\t<\/div>\n\t\t\t\t\t<\/div>\n\t\t<\/section>\n\t\t\t\t<section class=\"elementor-section elementor-top-section elementor-element elementor-element-88793af elementor-section-boxed elementor-section-height-default elementor-section-height-default sc_fly_static\" data-id=\"88793af\" data-element_type=\"section\">\n\t\t\t\t\t\t<div class=\"elementor-container elementor-column-gap-extended\">\n\t\t\t\t\t<div class=\"elementor-column elementor-col-20 elementor-top-column elementor-element elementor-element-a004a9f sc_inner_width_none sc_content_align_inherit sc_layouts_column_icons_position_left sc_fly_static\" data-id=\"a004a9f\" data-element_type=\"column\">\n\t\t\t<div class=\"elementor-widget-wrap elementor-element-populated\">\n\t\t\t\t\t\t<div class=\"elementor-element elementor-element-a6ea013 elementor-position-top sc_fly_static elementor-widget elementor-widget-image-box\" data-id=\"a6ea013\" data-element_type=\"widget\" data-widget_type=\"image-box.default\">\n\t\t\t\t<div class=\"elementor-widget-container\">\n\t\t\t\t\t<div class=\"elementor-image-box-wrapper\"><figure class=\"elementor-image-box-img\"><img decoding=\"async\" width=\"512\" height=\"512\" src=\"https:\/\/expressate.es\/wp-content\/uploads\/2023\/05\/icon-blend.png\" class=\"attachment-large size-large wp-image-22025\" alt=\"\" srcset=\"https:\/\/expressate.es\/wp-content\/uploads\/2023\/05\/icon-blend.png 512w, https:\/\/expressate.es\/wp-content\/uploads\/2023\/05\/icon-blend-300x300.png 300w, https:\/\/expressate.es\/wp-content\/uploads\/2023\/05\/icon-blend-150x150.png 150w, https:\/\/expressate.es\/wp-content\/uploads\/2023\/05\/icon-blend-370x370.png 370w, https:\/\/expressate.es\/wp-content\/uploads\/2023\/05\/icon-blend-120x120.png 120w, https:\/\/expressate.es\/wp-content\/uploads\/2023\/05\/icon-blend-410x410.png 410w\" sizes=\"(max-width: 600px) 100vw, 512px\" \/><\/figure><div class=\"elementor-image-box-content\"><h4 class=\"elementor-image-box-title\">1. Blend<\/h4><p class=\"elementor-image-box-description\">Selecciona tu blend con una mezcla \u00fanica de sabores, cuerpo y aroma, para deleitar el paladar de tus clientes.<\/p><\/div><\/div>\t\t\t\t<\/div>\n\t\t\t\t<\/div>\n\t\t\t\t\t<\/div>\n\t\t<\/div>\n\t\t\t\t<div class=\"elementor-column elementor-col-20 elementor-top-column elementor-element elementor-element-d99b20a sc_inner_width_none sc_content_align_inherit sc_layouts_column_icons_position_left sc_fly_static\" data-id=\"d99b20a\" data-element_type=\"column\">\n\t\t\t<div class=\"elementor-widget-wrap elementor-element-populated\">\n\t\t\t\t\t\t<div class=\"elementor-element elementor-element-6b4102a elementor-position-top sc_fly_static elementor-widget elementor-widget-image-box\" data-id=\"6b4102a\" data-element_type=\"widget\" data-widget_type=\"image-box.default\">\n\t\t\t\t<div class=\"elementor-widget-container\">\n\t\t\t\t\t<div class=\"elementor-image-box-wrapper\"><figure class=\"elementor-image-box-img\"><img decoding=\"async\" width=\"512\" height=\"512\" src=\"https:\/\/expressate.es\/wp-content\/uploads\/2023\/05\/icono-packaging.png\" class=\"attachment-large size-large wp-image-22032\" alt=\"\" srcset=\"https:\/\/expressate.es\/wp-content\/uploads\/2023\/05\/icono-packaging.png 512w, https:\/\/expressate.es\/wp-content\/uploads\/2023\/05\/icono-packaging-300x300.png 300w, https:\/\/expressate.es\/wp-content\/uploads\/2023\/05\/icono-packaging-150x150.png 150w, https:\/\/expressate.es\/wp-content\/uploads\/2023\/05\/icono-packaging-370x370.png 370w, https:\/\/expressate.es\/wp-content\/uploads\/2023\/05\/icono-packaging-120x120.png 120w, https:\/\/expressate.es\/wp-content\/uploads\/2023\/05\/icono-packaging-410x410.png 410w\" sizes=\"(max-width: 600px) 100vw, 512px\" \/><\/figure><div class=\"elementor-image-box-content\"><h4 class=\"elementor-image-box-title\">2. Packaging<\/h4><p class=\"elementor-image-box-description\">Elige entre una amplia variedad de formatos, de diferentes tama\u00f1os y materiales, para asegurar la perfecta conservaci\u00f3n de tu caf\u00e9.<\/p><\/div><\/div>\t\t\t\t<\/div>\n\t\t\t\t<\/div>\n\t\t\t\t\t<\/div>\n\t\t<\/div>\n\t\t\t\t<div class=\"elementor-column elementor-col-20 elementor-top-column elementor-element elementor-element-b197480 sc_inner_width_none sc_content_align_inherit sc_layouts_column_icons_position_left sc_fly_static\" data-id=\"b197480\" data-element_type=\"column\">\n\t\t\t<div class=\"elementor-widget-wrap elementor-element-populated\">\n\t\t\t\t\t\t<div class=\"elementor-element elementor-element-7554557 elementor-position-top sc_fly_static elementor-widget elementor-widget-image-box\" data-id=\"7554557\" data-element_type=\"widget\" data-widget_type=\"image-box.default\">\n\t\t\t\t<div class=\"elementor-widget-container\">\n\t\t\t\t\t<div class=\"elementor-image-box-wrapper\"><figure class=\"elementor-image-box-img\"><img loading=\"lazy\" decoding=\"async\" width=\"512\" height=\"512\" src=\"https:\/\/expressate.es\/wp-content\/uploads\/2023\/05\/icon-labelling.png\" class=\"attachment-large size-large wp-image-22036\" alt=\"\" srcset=\"https:\/\/expressate.es\/wp-content\/uploads\/2023\/05\/icon-labelling.png 512w, https:\/\/expressate.es\/wp-content\/uploads\/2023\/05\/icon-labelling-300x300.png 300w, https:\/\/expressate.es\/wp-content\/uploads\/2023\/05\/icon-labelling-150x150.png 150w, https:\/\/expressate.es\/wp-content\/uploads\/2023\/05\/icon-labelling-370x370.png 370w, https:\/\/expressate.es\/wp-content\/uploads\/2023\/05\/icon-labelling-120x120.png 120w, https:\/\/expressate.es\/wp-content\/uploads\/2023\/05\/icon-labelling-410x410.png 410w\" sizes=\"(max-width: 600px) 100vw, 512px\" \/><\/figure><div class=\"elementor-image-box-content\"><h4 class=\"elementor-image-box-title\">3. Etiquetado<\/h4><p class=\"elementor-image-box-description\">Nuestro equipo de marketing acompa\u00f1ar\u00e1 tu propuesta de dise\u00f1o hasta el final, asesor\u00e1ndote en los textos y requisitos necesarios.<\/p><\/div><\/div>\t\t\t\t<\/div>\n\t\t\t\t<\/div>\n\t\t\t\t\t<\/div>\n\t\t<\/div>\n\t\t\t\t<div class=\"elementor-column elementor-col-20 elementor-top-column elementor-element elementor-element-fe6c62e sc_inner_width_none sc_content_align_inherit sc_layouts_column_icons_position_left sc_fly_static\" data-id=\"fe6c62e\" data-element_type=\"column\">\n\t\t\t<div class=\"elementor-widget-wrap elementor-element-populated\">\n\t\t\t\t\t\t<div class=\"elementor-element elementor-element-43c517f elementor-position-top sc_fly_static elementor-widget elementor-widget-image-box\" data-id=\"43c517f\" data-element_type=\"widget\" data-widget_type=\"image-box.default\">\n\t\t\t\t<div class=\"elementor-widget-container\">\n\t\t\t\t\t<div class=\"elementor-image-box-wrapper\"><figure class=\"elementor-image-box-img\"><img loading=\"lazy\" decoding=\"async\" width=\"512\" height=\"512\" src=\"https:\/\/expressate.es\/wp-content\/uploads\/2023\/05\/icon-quality.png\" class=\"attachment-large size-large wp-image-22035\" alt=\"\" srcset=\"https:\/\/expressate.es\/wp-content\/uploads\/2023\/05\/icon-quality.png 512w, https:\/\/expressate.es\/wp-content\/uploads\/2023\/05\/icon-quality-300x300.png 300w, https:\/\/expressate.es\/wp-content\/uploads\/2023\/05\/icon-quality-150x150.png 150w, https:\/\/expressate.es\/wp-content\/uploads\/2023\/05\/icon-quality-370x370.png 370w, https:\/\/expressate.es\/wp-content\/uploads\/2023\/05\/icon-quality-120x120.png 120w, https:\/\/expressate.es\/wp-content\/uploads\/2023\/05\/icon-quality-410x410.png 410w\" sizes=\"(max-width: 600px) 100vw, 512px\" \/><\/figure><div class=\"elementor-image-box-content\"><h4 class=\"elementor-image-box-title\">4. Calidad<\/h4><p class=\"elementor-image-box-description\">Nuestro departamento de calidad garantizar\u00e1 el cumplimiento de todos los t\u00e9rminos legales especificados seg\u00fan la normativa de la UE.<\/p><\/div><\/div>\t\t\t\t<\/div>\n\t\t\t\t<\/div>\n\t\t\t\t\t<\/div>\n\t\t<\/div>\n\t\t\t\t<div class=\"elementor-column elementor-col-20 elementor-top-column elementor-element elementor-element-6fe9d82 sc_inner_width_none sc_content_align_inherit sc_layouts_column_icons_position_left sc_fly_static\" data-id=\"6fe9d82\" data-element_type=\"column\">\n\t\t\t<div class=\"elementor-widget-wrap elementor-element-populated\">\n\t\t\t\t\t\t<div class=\"elementor-element elementor-element-81d38c1 elementor-position-top sc_fly_static elementor-widget elementor-widget-image-box\" data-id=\"81d38c1\" data-element_type=\"widget\" data-widget_type=\"image-box.default\">\n\t\t\t\t<div class=\"elementor-widget-container\">\n\t\t\t\t\t<div class=\"elementor-image-box-wrapper\"><figure class=\"elementor-image-box-img\"><img loading=\"lazy\" decoding=\"async\" width=\"512\" height=\"512\" src=\"https:\/\/expressate.es\/wp-content\/uploads\/2023\/05\/icon-launch.png\" class=\"attachment-large size-large wp-image-22034\" alt=\"\" srcset=\"https:\/\/expressate.es\/wp-content\/uploads\/2023\/05\/icon-launch.png 512w, https:\/\/expressate.es\/wp-content\/uploads\/2023\/05\/icon-launch-300x300.png 300w, https:\/\/expressate.es\/wp-content\/uploads\/2023\/05\/icon-launch-150x150.png 150w, https:\/\/expressate.es\/wp-content\/uploads\/2023\/05\/icon-launch-370x370.png 370w, https:\/\/expressate.es\/wp-content\/uploads\/2023\/05\/icon-launch-120x120.png 120w, https:\/\/expressate.es\/wp-content\/uploads\/2023\/05\/icon-launch-410x410.png 410w\" sizes=\"(max-width: 600px) 100vw, 512px\" \/><\/figure><div class=\"elementor-image-box-content\"><h4 class=\"elementor-image-box-title\">5. Lanzamiento<\/h4><p class=\"elementor-image-box-description\">Despu\u00e9s de que el dise\u00f1o sea aprobado por nuestro departamento de marketing. y verificado por la imprenta, el equipo de calidad lo revisa para garantizar su m\u00e1xima calidad.<\/p><\/div><\/div>\t\t\t\t<\/div>\n\t\t\t\t<\/div>\n\t\t\t\t\t<\/div>\n\t\t<\/div>\n\t\t\t\t\t<\/div>\n\t\t<\/section>\n\t\t\t\t<section class=\"elementor-section elementor-top-section elementor-element elementor-element-ab40489 elementor-section-boxed elementor-section-height-default elementor-section-height-default sc_fly_static\" data-id=\"ab40489\" data-element_type=\"section\">\n\t\t\t\t\t\t<div class=\"elementor-container elementor-column-gap-extended\">\n\t\t\t\t\t<div class=\"elementor-column elementor-col-100 elementor-top-column elementor-element elementor-element-84288ad sc_inner_width_none sc_content_align_inherit sc_layouts_column_icons_position_left sc_fly_static\" data-id=\"84288ad\" data-element_type=\"column\">\n\t\t\t<div class=\"elementor-widget-wrap elementor-element-populated\">\n\t\t\t\t\t\t<div class=\"elementor-element elementor-element-277820d sc_height_huge sc_fly_static elementor-widget elementor-widget-spacer\" data-id=\"277820d\" data-element_type=\"widget\" data-widget_type=\"spacer.default\">\n\t\t\t\t<div class=\"elementor-widget-container\">\n\t\t\t\t\t\t\t<div class=\"elementor-spacer\">\n\t\t\t<div class=\"elementor-spacer-inner\"><\/div>\n\t\t<\/div>\n\t\t\t\t\t\t<\/div>\n\t\t\t\t<\/div>\n\t\t\t\t\t<\/div>\n\t\t<\/div>\n\t\t\t\t\t<\/div>\n\t\t<\/section>\n\t\t\t\t<\/div>","protected":false},"excerpt":{"rendered":"<p>Get your brand ready in 14 days* Select your coffee from our blends, choose your own capsule type and colors, personalize the lidfoil, create your own packaging design and launch&hellip;<\/p>","protected":false},"author":1,"featured_media":0,"parent":0,"menu_order":0,"comment_status":"closed","ping_status":"closed","template":"","meta":{"footnotes":""},"class_list":["post-21957","page","type-page","status-publish","hentry"],"_links":{"self":[{"href":"https:\/\/expressate.es\/es\/wp-json\/wp\/v2\/pages\/21957","targetHints":{"allow":["GET"]}}],"collection":[{"href":"https:\/\/expressate.es\/es\/wp-json\/wp\/v2\/pages"}],"about":[{"href":"https:\/\/expressate.es\/es\/wp-json\/wp\/v2\/types\/page"}],"author":[{"embeddable":true,"href":"https:\/\/expressate.es\/es\/wp-json\/wp\/v2\/users\/1"}],"replies":[{"embeddable":true,"href":"https:\/\/expressate.es\/es\/wp-json\/wp\/v2\/comments?post=21957"}],"version-history":[{"count":76,"href":"https:\/\/expressate.es\/es\/wp-json\/wp\/v2\/pages\/21957\/revisions"}],"predecessor-version":[{"id":22742,"href":"https:\/\/expressate.es\/es\/wp-json\/wp\/v2\/pages\/21957\/revisions\/22742"}],"wp:attachment":[{"href":"https:\/\/expressate.es\/es\/wp-json\/wp\/v2\/media?parent=21957"}],"curies":[{"name":"wp","href":"https:\/\/api.w.org\/{rel}","templated":true}]}}