{"id":22285,"date":"2023-05-12T13:30:02","date_gmt":"2023-05-12T13:30:02","guid":{"rendered":"https:\/\/expressate.es\/?page_id=22285"},"modified":"2024-07-23T15:49:58","modified_gmt":"2024-07-23T15:49:58","slug":"legal-notice","status":"publish","type":"page","link":"https:\/\/expressate.es\/es\/legal-notice\/","title":{"rendered":"Aviso Legal"},"content":{"rendered":"<div data-elementor-type=\"wp-page\" data-elementor-id=\"22285\" class=\"elementor elementor-22285\">\n\t\t\t\t\t\t<section class=\"elementor-section elementor-top-section elementor-element elementor-element-5af79fad elementor-section-boxed elementor-section-height-default elementor-section-height-default sc_fly_static\" data-id=\"5af79fad\" data-element_type=\"section\" data-settings=\"{&quot;background_background&quot;:&quot;classic&quot;}\">\n\t\t\t\t\t\t<div class=\"elementor-container elementor-column-gap-extended\">\n\t\t\t\t\t<div class=\"elementor-column elementor-col-100 elementor-top-column elementor-element elementor-element-329c8c58 sc_inner_width_none sc_content_align_inherit sc_layouts_column_icons_position_left sc_fly_static\" data-id=\"329c8c58\" data-element_type=\"column\">\n\t\t\t<div class=\"elementor-widget-wrap elementor-element-populated\">\n\t\t\t\t\t\t<div class=\"elementor-element elementor-element-530b4282 sc_fly_static elementor-widget elementor-widget-text-editor\" data-id=\"530b4282\" data-element_type=\"widget\" data-widget_type=\"text-editor.default\">\n\t\t\t\t<div class=\"elementor-widget-container\">\n\t\t\t\t\t\t\t\t\t<h4>1. INFORMACI\u00d3N CORPORATIVA<\/h4>\n<p>En cumplimiento de la Ley 34\/2002, de 11 de julio, de servicios de la sociedad de la informaci\u00f3n y de comercio electr\u00f3nico, EXPRESSATE S.L en adelante, EXPRESSATE,  le informa que es titular de los sitios web: <a href=\"https:\/\/expressate.es\/es\/\" target=\"_new\" rel=\"noreferrer\">www.expressate.es<\/a> \/ <a href=\"http:\/\/www.cuida-te.es\" target=\"_new\" rel=\"noreferrer\">www.cuida-te.es<\/a> \/ <a href=\"http:\/\/www.origensensations.es\" target=\"_new\" rel=\"noreferrer\">www.origensensations.es<\/a>, de acuerdo con la exigencia del art\u00edculo 10 de la mencionada Ley, y notifica los siguientes datos:<\/p>\n<p>con NIF\/CIF: B-64604630<\/p>\n<p>Registro Mercantil de BARCELONA<\/p>\n<p>Tomo: 46903,. Folio: 20,1 S8,. Hoja: B 353987, y domicilio social:<\/p>\n<p>TECNOLOGIA, 29-31, C\u00f3digo Postal: 08840. Localidad: VILADECANS. Provincia: BARCELONA.<\/p>\n<p>La direcci\u00f3n de correo electr\u00f3nico de contacto con la empresa es: <a rel=\"noreferrer\">Info@cuida-te.es<\/a><\/p>\n<h4>2. USUARIO Y R\u00c9GIMEN DE RESPONSABILIDADES<\/h4>\n<p>La navegaci\u00f3n por acceso o uso de las p\u00e1ginas web  y todos los subdominios y directorios incluidos bajo la misma, as\u00ed como los servicios o contenidos que a trav\u00e9s de \u00e9l se puedan obtener y todos los portales de dominio propio bajo titularidad de EXPRESSATE otorga la Condici\u00f3n de Usuario, por la que se aceptan, al navegar por la p\u00e1gina EXPRESSATE todas las condiciones de uso que se establecen aqu\u00ed sin perjudicar la aplicaci\u00f3n de la correspondiente normativa de obligado cumplimiento legal seg\u00fan el caso.<\/p>\n<p>Por eso, si las consideraciones detalladas en este aviso legal no son de su conformidad, rogamos no haga uso del portal, ya que cualquier uso que haga del mismo o los servicios y contenidos en \u00e9l incluidos implicar\u00e1 la aceptaci\u00f3n de los t\u00e9rminos legales recogidos en este texto.<\/p>\n<p>Las p\u00e1ginas web de EXPRESSATE proporciona gran diversidad de informaci\u00f3n, servicios y datos. El usuario asume su responsabilidad en el uso correcto de los sitios web. Esta responsabilidad se extender\u00e1 a: La veracidad y licitud de las informaciones aportadas por el usuario en los formularios emitidos por EXPRESSATE para acceder a determinados contenidos o servicios ofrecidos por la web.<\/p>\n<p>El uso de la informaci\u00f3n, servicios y datos ofrecidos por EXPRESSATE no ir\u00e1n contra las disposiciones de estas condiciones, la Ley, la moral, las buenas costumbres o el orden p\u00fablico o que, en otro caso, puedan suponer lesi\u00f3n de los derechos de terceros o del funcionamiento de los sitios web. A tal efecto, el Usuario se abstendr\u00e1 de utilizar cualquiera de los contenidos con fines o efectos il\u00edcitos, prohibidos en este texto, lesivos de los derechos e intereses de terceros, o que de cualquier forma puedan da\u00f1ar, inutilizar, sobrecargar, deteriorar o impedir la normal utilizaci\u00f3n de los contenidos, otros Usuarios o de cualquier usuario de Internet (hardware y software).<\/p>\n<p>Los usuarios responder\u00e1n de los da\u00f1os y perjuicios de toda naturaleza que la empresa propietaria de la web pueda sufrir, directa o indirectamente, como consecuencia de incumplimiento de cualquiera de las obligaciones derivadas del uso de la Web y de esta pol\u00edtica de privacidad. En particular, ya t\u00edtulo meramente indicativo y no exhaustivo, el Usuario se compromete a no transmitir, difundir o poner a disposici\u00f3n de terceros informaciones, datos, contenidos, mensajes, gr\u00e1ficos, dibujos, archivos de sonido y\/o imagen, fotograf\u00edas de la web.<\/p>\t\t\t\t\t\t\t\t<\/div>\n\t\t\t\t<\/div>\n\t\t\t\t\t<\/div>\n\t\t<\/div>\n\t\t\t\t\t<\/div>\n\t\t<\/section>\n\t\t\t\t<section class=\"elementor-section elementor-top-section elementor-element elementor-element-5923a86a elementor-section-boxed elementor-section-height-default elementor-section-height-default sc_fly_static\" data-id=\"5923a86a\" data-element_type=\"section\">\n\t\t\t\t\t\t<div class=\"elementor-container elementor-column-gap-extended\">\n\t\t\t\t\t<div class=\"elementor-column elementor-col-100 elementor-top-column elementor-element elementor-element-247a0125 sc_inner_width_none sc_content_align_inherit sc_layouts_column_icons_position_left sc_fly_static\" data-id=\"247a0125\" data-element_type=\"column\">\n\t\t\t<div class=\"elementor-widget-wrap elementor-element-populated\">\n\t\t\t\t\t\t<div class=\"elementor-element elementor-element-50222c5a sc_fly_static elementor-widget elementor-widget-spacer\" data-id=\"50222c5a\" data-element_type=\"widget\" data-widget_type=\"spacer.default\">\n\t\t\t\t<div class=\"elementor-widget-container\">\n\t\t\t\t\t\t\t<div class=\"elementor-spacer\">\n\t\t\t<div class=\"elementor-spacer-inner\"><\/div>\n\t\t<\/div>\n\t\t\t\t\t\t<\/div>\n\t\t\t\t<\/div>\n\t\t\t\t\t<\/div>\n\t\t<\/div>\n\t\t\t\t\t<\/div>\n\t\t<\/section>\n\t\t\t\t<\/div>","protected":false},"excerpt":{"rendered":"<p>1. CORPORATE INFORMATION In compliance with Law 34\/2002, of July 11, on services of the information society and electronic commerce, EXPRESSATE S.L., hereinafter EXPRESSATE, informs you that it is the&hellip;<\/p>","protected":false},"author":1,"featured_media":0,"parent":0,"menu_order":0,"comment_status":"closed","ping_status":"closed","template":"","meta":{"footnotes":""},"class_list":["post-22285","page","type-page","status-publish","hentry"],"_links":{"self":[{"href":"https:\/\/expressate.es\/es\/wp-json\/wp\/v2\/pages\/22285","targetHints":{"allow":["GET"]}}],"collection":[{"href":"https:\/\/expressate.es\/es\/wp-json\/wp\/v2\/pages"}],"about":[{"href":"https:\/\/expressate.es\/es\/wp-json\/wp\/v2\/types\/page"}],"author":[{"embeddable":true,"href":"https:\/\/expressate.es\/es\/wp-json\/wp\/v2\/users\/1"}],"replies":[{"embeddable":true,"href":"https:\/\/expressate.es\/es\/wp-json\/wp\/v2\/comments?post=22285"}],"version-history":[{"count":5,"href":"https:\/\/expressate.es\/es\/wp-json\/wp\/v2\/pages\/22285\/revisions"}],"predecessor-version":[{"id":22582,"href":"https:\/\/expressate.es\/es\/wp-json\/wp\/v2\/pages\/22285\/revisions\/22582"}],"wp:attachment":[{"href":"https:\/\/expressate.es\/es\/wp-json\/wp\/v2\/media?parent=22285"}],"curies":[{"name":"wp","href":"https:\/\/api.w.org\/{rel}","templated":true}]}}