{"id":22586,"date":"2024-07-23T16:03:15","date_gmt":"2024-07-23T16:03:15","guid":{"rendered":"https:\/\/expressate.es\/?page_id=22586"},"modified":"2024-07-23T16:07:54","modified_gmt":"2024-07-23T16:07:54","slug":"terms-conditions","status":"publish","type":"page","link":"https:\/\/expressate.es\/es\/terms-conditions\/","title":{"rendered":"T\u00e9rminos y Condiciones"},"content":{"rendered":"<div data-elementor-type=\"wp-page\" data-elementor-id=\"22586\" class=\"elementor elementor-22586\">\n\t\t\t\t\t\t<section class=\"elementor-section elementor-top-section elementor-element elementor-element-5af79fad elementor-section-boxed elementor-section-height-default elementor-section-height-default sc_fly_static\" data-id=\"5af79fad\" data-element_type=\"section\" data-settings=\"{&quot;background_background&quot;:&quot;classic&quot;}\">\n\t\t\t\t\t\t<div class=\"elementor-container elementor-column-gap-extended\">\n\t\t\t\t\t<div class=\"elementor-column elementor-col-100 elementor-top-column elementor-element elementor-element-329c8c58 sc_inner_width_none sc_content_align_inherit sc_layouts_column_icons_position_left sc_fly_static\" data-id=\"329c8c58\" data-element_type=\"column\">\n\t\t\t<div class=\"elementor-widget-wrap elementor-element-populated\">\n\t\t\t\t\t\t<div class=\"elementor-element elementor-element-530b4282 sc_fly_static elementor-widget elementor-widget-text-editor\" data-id=\"530b4282\" data-element_type=\"widget\" data-widget_type=\"text-editor.default\">\n\t\t\t\t<div class=\"elementor-widget-container\">\n\t\t\t\t\t\t\t\t\t<p>Los presentes t\u00e9rminos y condiciones de Uso, y Pol\u00edtica de Privacidad, regulan el uso seg\u00fan la ley 34\/2002 de 11 de julio de Servicios de la Sociedad de la Informaci\u00f3n y de Comercio Electr\u00f3nico de los SITIOS WEB <a href=\"https:\/\/expressate.es\/es\/\" target=\"_new\" rel=\"noreferrer\">www.expressate.es<\/a>\u00a0\/\u00a0<a href=\"http:\/\/www.cuida-te.es\/\" target=\"_new\" rel=\"noreferrer\">www.cuida-te.es<\/a>\u00a0\/\u00a0<a href=\"http:\/\/www.origensensations.es\/\" target=\"_new\" rel=\"noreferrer\">www.origensensations.es<\/a> de la que, en adelante, con NIF: B-07867252 , Registro Mercantil de: BARCELONA, Tomo: 46903, Folio: 201, S8, Hoja: B 353987, con Domicilio en: TECNOLOGIA, 29-31, C\u00f3digo Postal: 08840, Localidad: VILADECANS, Provincia: BARCELONA, es titular.<\/p><h4>1. INFORMACI\u00d3N SOBRE LOS SITIOS WEB<\/h4><p>A trav\u00e9s de sus SITIOS WEB <a href=\"https:\/\/expressate.es\/es\/\" target=\"_new\" rel=\"noreferrer\">www.expressate.es<\/a>\u00a0\/\u00a0<a href=\"http:\/\/www.cuida-te.es\/\" target=\"_new\" rel=\"noreferrer\">www.cuida-te.es<\/a>\u00a0\/\u00a0<a href=\"http:\/\/www.origensensations.es\/\" target=\"_new\" rel=\"noreferrer\">www.origensensations.es<\/a>, de la que es titular y administrador, EXPRESSATE, es una tienda online de venta de productos de caf\u00e9 y t\u00e9.<\/p><h4>2. PUBLICIDAD EN LAS WEBS<\/h4><p>Los sitios web <a href=\"https:\/\/expressate.es\/es\/\" target=\"_new\" rel=\"noreferrer\">www.expressate.es<\/a>\u00a0\/\u00a0<a href=\"http:\/\/www.cuida-te.es\/\" target=\"_new\" rel=\"noreferrer\">www.cuida-te.es<\/a>\u00a0\/\u00a0<a href=\"http:\/\/www.origensensations.es\/\" target=\"_new\" rel=\"noreferrer\">www.origensensations.es<\/a> podr\u00e1n albergar contenidos publicitarios o patrocinados. Los anunciantes o patrocinadores son los \u00fanicos responsables de asegurarse que el material remitido para su inclusi\u00f3n en las Web cumple con las leyes que en cada caso puedan ser de aplicaci\u00f3n, EXPRESSATE, no ser\u00e1 responsable de cualquier error, inexactitud o irregularidad que puedan contener los contenidos publicitarios o de los patrocinadores.<\/p><h4>3. DISPONIBILIDAD DE LAS WEBS<\/h4><p>El administrador de las p\u00e1ginas web har\u00e1 todo lo posible para resolver todas las dudas y gestiones solicitadas a todos sus USUARIOS\/CLIENTES, a la mayor brevedad posible en la demanda de las consultas.<\/p><p>Sin embargo, en ocasiones, y por causas dif\u00edcilmente controlables por el administrador de la p\u00e1gina web como errores humanos o incidencias en los sistemas inform\u00e1ticos, es posible que la rapidez finalmente servida a los USUARIOS\/CLIENTES, difiera del pedido inicialmente realizada por el administrador de la p\u00e1gina web, para satisfacer los pedidos de los USUARIOS\/CLIENTES.<\/p><p>Para el caso de que la gesti\u00f3n de venta no est\u00e9 disponible o no se pudiera llegar a finalizar el proceso de compra, despu\u00e9s de haber realizado el pedido, el USUARIO\/CLIENTE, ser\u00e1 informado por correo electr\u00f3nico de la anulaci\u00f3n total de \u00e9ste.<\/p><h4>4. SEGURIDAD WEB<\/h4><p>El administrador de las p\u00e1ginas web, tiene las m\u00e1ximas medidas de seguridad comercialmente disponibles en el sector. El servidor seguro establece una conexi\u00f3n de modo que la informaci\u00f3n se transmite cifrada mediante algoritmos de 128 bits, a 256 bits, que aseguran que s\u00f3lo sea inteligible y comprensible por dispositivo del USUARIO\/CLIENTE, y el del SITIO WEB, de esta forma, al utilizar el protocolo SSL, \u201cSecure Socket Layer\u201d, el predecesor del protocolo, TLS, \u201cTransport Layer Security\u201d, que se trata de protocolos criptogr\u00e1ficos que proporcionan privacidad e integridad en las comunicaciones seguras por una red de comunicaci\u00f3n, com\u00fanmente internet, que garantiza que la informaci\u00f3n transmitida por dicha red no pueda ser interceptada ni modificada por elementos no autorizados, garantizando que solo los emisores y los receptores leg\u00edtimos sean los que tengan acceso a la comunicaci\u00f3n de manera \u00edntegra de la cual se garantiza:<\/p><ol><li>Que el USUARIO\/CLIENTE, est\u00e1 comunicando sus datos al centro servidor del administrador de la p\u00e1gina web y no a cualquier otro que intentara hacerse pasar por \u00e9ste.<\/li><li>Que entre el USUARIO\/CLIENTE, y el centro servidor del administrador de la p\u00e1gina web los datos se transmiten cifrados, evitando su posible lectura o manipulaci\u00f3n por terceros.<\/li><\/ol><h4>5. ACCESO Y ESTANCIA EN LA WEB<\/h4><h5>5.1. NUESTROS CONTENIDOS<\/h5><p>Los USUARIOS\/CLIENTES, son \u00edntegramente responsables de su conducta, al acceder a la informaci\u00f3n del SITIO WEB, mientras naveguen en la misma, as\u00ed como despu\u00e9s de haber accedido.<\/p><p>Como consecuencia de ello, los USUARIOS\/CLIENTES, son los \u00fanicos responsables ante el administrador de las p\u00e1ginas web y terceros de:<\/p><p>1. Las consecuencias que se puedan derivar de una utilizaci\u00f3n, con fines o efectos il\u00edcitos o contrarios al presente documento, de cualquier contenido del SITIO WEB, elaborado o no por el administrador de la p\u00e1gina web, publicado o no bajo su nombre de forma oficial.<br \/>2. As\u00ed como de las consecuencias que se puedan derivar de la utilizaci\u00f3n contraria al contenido del presente documento y lesiva de los intereses o derechos de terceros, o que de cualquier forma pueda da\u00f1ar, inutilizar o deteriorar los SITIOS WEB, o sus servicios o impedir el normal disfrute por otros usuarios.<br \/>El administrador de la p\u00e1gina web se reserva el derecho a actualizar los contenidos cuando lo considere conveniente, as\u00ed como eliminarlos, limitarlos o impedir el acceso a ellos, de manera temporal o definitiva, as\u00ed como denegar el acceso a los SITIOS WEB a USUARIOS\/CLIENTES, que haga un mal uso de los contenidos y\/o incumplan cualquiera de los t\u00e9rminos y condiciones que aparecen en el presente documento.<\/p><p>El administrador de las p\u00e1ginas web informa que no garantiza:<\/p><p>a) Que el acceso al SITIO WEB, y\/o a las web de enlace sea ininterrumpido libre de error.<br \/>b) Que el contenido o software al que los USUARIOS\/CLIENTES, accedan a trav\u00e9s de la web o de las web de enlace no contenga ning\u00fan error, virus inform\u00e1tico u otros elementos en los contenidos que puedan producir alteraciones en su sistema o en los documentos electr\u00f3nicos y ficheros almacenados en su sistema inform\u00e1tico o cause otro tipo de da\u00f1o.<br \/>c) El aprovechamiento que de la informaci\u00f3n o contenido de los SITIOS WEB, o webs de enlace que los USUARIOS\/CLIENTES, pudieran hacer para sus prop\u00f3sitos personales.<\/p><h4>6. MODIFICACI\u00d3N DE LOS T\u00c9RMINOS Y CONDICIONES DE USO<\/h4><p>El administrador de la p\u00e1gina web se reserva el derecho a modificar, en cualquier momento, la presentaci\u00f3n y configuraci\u00f3n de los, SITIOS WEB, as\u00ed como los presentes t\u00e9rminos y condiciones de uso.<\/p><p>Por ello, el administrador de la p\u00e1gina web recomienda al USUARIO\/CLIENTE leer atentamente las condiciones y t\u00e9rminos de uso, cada vez que acceda al SITIO WEB.<\/p><p>Los USUARIOS\/CLIENTES, siempre dispondr\u00e1n de estos t\u00e9rminos y condiciones de uso en un lugar visible, libremente accesible para cuantas consultas quiera realizar.<\/p><h4>7. NUESTRA RESPONSABILIDAD WEB<\/h4><p>El administrador de las p\u00e1ginas web no asume ninguna responsabilidad derivada, a t\u00edtulo enunciativo pero no limitativo:<\/p><ol><li>De la utilizaci\u00f3n que los USUARIOS\/CLIENTES, puedan hacer de los materiales del SITIO WEB o webs de enlace, ya sean prohibidos o permitidos, en infracci\u00f3n de los derechos de propiedad intelectual y\/o industrial de contenidos del SITIO WEB, o de terceros.<\/li><li>Los eventuales da\u00f1os y perjuicios a los USUARIOS\/CLIENTES, causados por un funcionamiento normal o anormal de las herramientas de b\u00fasqueda, de la organizaci\u00f3n o la localizaci\u00f3n de los contenidos y\/o acceso al SITIO WEB, y, en general, los errores o problemas que se generen en el desarrollo o instrumentaci\u00f3n de los elementos t\u00e9cnicos que los SITIOS WEB, o un programa facilite el USUARIO\/CLIENTE.<\/li><li>De los contenidos de aquellas p\u00e1ginas a las que los USUARIOS\/CLIENTES, puedan acceder desde enlaces incluidos en el SITIO WEB, ya sean autorizados o no.<\/li><li>Los actos u omisiones de terceros, con independencia de que estos terceros pudiesen estar unidos al administrador de la p\u00e1gina web mediante v\u00eda contractual.<\/li><li>Del acceso de menores de edad a los contenidos incluidos en el SITIO WEB, siendo responsabilidad de sus progenitores o tutores ejercer un control adecuado sobre la actividad de los hijos o menores a su cargo o bien instalar alguna de las herramientas de control del uso de Internet con el objeto de evitar el acceso a materiales o contenidos no aptos para menores, as\u00ed como el env\u00edo de datos personales sin la previa autorizaci\u00f3n de sus progenitores o tutor.<\/li><\/ol><p>El administrador de la p\u00e1gina web no ser\u00e1 responsable en ning\u00fan caso cuando se produzcan:<\/p><p>a) Errores o retrasos en el acceso al SITIO WEB, por parte del USUARIO\/CLIENTE, a la hora de introducir sus datos en el formulario de pedido de productos, la lentitud o imposibilidad de recepci\u00f3n por parte de los destinatarios de la confirmaci\u00f3n del pedido o cualquier anomal\u00eda que pueda surgir cuando estas incidencias sean debidas a problemas en la red Internet, causas de caso fortuito o fuerza mayor y cualquier otra contingencia imprevisible ajena a la buena fe del administrador de la p\u00e1gina web.<br \/>b) Errores o incidencias que pudieran producirse en las comunicaciones, borrado o transmisiones incompletas, de manera que no se garantiza que los servicios del sitio web est\u00e9n constantemente operativos.<br \/>c) De los errores o da\u00f1os producidos al sitio web por un uso del servicio ineficiente y de mala fe por parte del USUARIO\/CLIENTE.<br \/>d) De la no operatividad o problemas en la direcci\u00f3n electr\u00f3nica facilitada por el USUARIO\/CLIENTE, para el env\u00edo de la confirmaci\u00f3n de los pedidos.<br \/>En todo caso, el administrador de la p\u00e1gina web se compromete a solucionar los problemas que puedan surgir y a ofrecer todo el apoyo necesario al USUARIO\/CLIENTE, para llegar a una soluci\u00f3n r\u00e1pida y satisfactoria de la incidencia.<\/p><p>Asimismo, el administrador de la p\u00e1gina web tiene derecho a realizar durante intervalos temporales definidos, campa\u00f1as promocionales para promover el registro de nuevos miembros en su servicio de venta online.<\/p><p>El administrador de las p\u00e1ginas web se reserva el derecho de modificar las condiciones de aplicaci\u00f3n de la promociones, prorrogar comunicando debidamente, o proceder a la exclusi\u00f3n de cualquiera de los USUARIOS\/CLIENTES, de la promoci\u00f3n en el supuesto de detectar cualquier anomal\u00eda, abuso o comportamiento poco \u00e9tico en la participaci\u00f3n de los mismos.<\/p><h4>8. CERTIFICADOS DE CUMPLIMIENTO LSSI-CE Y PROTECCI\u00d3N DE DATOS<\/h4><p>EXPRESSATE, de la que es titular de los sitios web <a href=\"https:\/\/expressate.es\/es\/\" target=\"_new\" rel=\"noreferrer\">www.expressate.es<\/a>\u00a0\/\u00a0<a href=\"http:\/\/www.cuida-te.es\/\" target=\"_new\" rel=\"noreferrer\">www.cuida-te.es<\/a>\u00a0\/\u00a0<a href=\"http:\/\/www.origensensations.es\/\" target=\"_new\" rel=\"noreferrer\">www.origensensations.es<\/a>, cumple con la normativa de Protecci\u00f3n de Datos vigente RGPD-UE, LOPDGDD, y con la LSSI-CE, y es asesorada en estas normativas por GRUPO QUALIA, por lo que se le otorgan sendos certificados en formato de imagen digital para que pueda exponerlos en su sitio web.<\/p><h5>8.1 PROPIEDAD INTELECTUAL E INDUSTRIAL<\/h5><p>El administrador de las p\u00e1ginas web tiene todos los derechos sobre el contenido, dise\u00f1o y c\u00f3digo fuente de esta p\u00e1gina web: y el del SITIO WEB, y, en especial, con car\u00e1cter enunciativo pero no limitativo, sobre las fotograf\u00edas, im\u00e1genes, textos, logos, dise\u00f1os, marcas, nombres comerciales y datos que se incluyen en la web.<\/p><p>Se advierte a los, USUARIOS\/CLIENTES, que estos derechos est\u00e1n protegidos por la legislaci\u00f3n vigente espa\u00f1ola e internacional relativa a la propiedad intelectual e industrial, Real Decreto-Legislativo 1\/1996, de 12 de abril y posteriores modificaciones.<\/p><p>Directiva-UE-2019\/790 del Parlamento Europeo y del Consejo de 17 de abril de 2019 sobre los derechos de autor y derechos afines en el mercado \u00fanico digital.<\/p><p>Sin perjuicio de lo anterior, el contenido del SITIO WEB, tambi\u00e9n tiene la consideraci\u00f3n de programa inform\u00e1tico, y por lo tanto, le resulta tambi\u00e9n de aplicaci\u00f3n toda la normativa espa\u00f1ola y comunitaria europea vigente en la materia.<\/p><p>Asimismo queda totalmente prohibida la copia, reproducci\u00f3n, adaptaci\u00f3n, modificaci\u00f3n, distribuci\u00f3n, comercializaci\u00f3n, comunicaci\u00f3n p\u00fablica y\/o cualquier otra acci\u00f3n que comporte una infracci\u00f3n de la normativa vigente espa\u00f1ola y\/o internacionales en materia de propiedad intelectual y\/o industrial, as\u00ed como el uso de los contenidos de la web si no es con la previa autorizaci\u00f3n expresa y por escrito del administrador.<\/p><p>El administrador de la p\u00e1gina web informa que no concede licencia o autorizaci\u00f3n impl\u00edcita sobre los derechos de propiedad intelectual y\/o industrial o sobre cualquier otro derecho o propiedad relacionada, directa o indirectamente, con los contenidos incluidos en los SITIOS WEB <a href=\"https:\/\/expressate.es\/es\/\" target=\"_new\" rel=\"noreferrer\">www.expressate.es<\/a>\u00a0\/\u00a0<a href=\"http:\/\/www.cuida-te.es\/\" target=\"_new\" rel=\"noreferrer\">www.cuida-te.es<\/a>\u00a0\/\u00a0<a href=\"http:\/\/www.origensensations.es\/\" target=\"_new\" rel=\"noreferrer\">www.origensensations.es<\/a>.<\/p><p>S\u00f3lo se autoriza la utilizaci\u00f3n de los contenidos del dominio web con fines informativos y de servicio, siempre que se cite o se haga referencia a la fuente, siendo el usuario el \u00fanico responsable del mal uso de los mismos.<\/p><h4>9. NULIDAD<\/h4><p>En caso de que cualquier cl\u00e1usula de los presentes t\u00e9rminos y condiciones de uso sea declarada nula, el resto de cl\u00e1usulas se mantendr\u00e1n vigentes y se interpretar\u00e1n teniendo en cuenta la voluntad de las partes y la finalidad misma de los presentes t\u00e9rminos y condiciones.<\/p><p>El administrador de las p\u00e1ginas web podr\u00e1 no ejercitar alguno de los derechos y facultades conferidos en este documento lo que no implicar\u00e1 en ning\u00fan caso la renuncia a los mismos salvo reconocimiento expreso por parte del administrador de la p\u00e1gina web o prescripci\u00f3n de la acci\u00f3n que en cada caso corresponda.<\/p><h4>10. LEY APLICABLE Y ARBITRAJE<\/h4><p>Los presentes t\u00e9rminos y condiciones de uso se rigen por la legislaci\u00f3n espa\u00f1ola aplicable en la materia. Para resolver cualquier controversia o conflicto que se derive, las partes se someten a la jurisdicci\u00f3n de los tribunales de, GRANOLLERS, ciudad origen de la entidad, EXPRESSATE, propietaria del SITIO WEB salvo que la ley imponga otra jurisdicci\u00f3n.<\/p><p>Por la Ley 7\/2017, de 2 de noviembre, en su Art\u00edculo, 40.5, por la que se incorpora al ordenamiento jur\u00eddico espa\u00f1ol la Directiva, 2013\/11\/UE, del Parlamento Europeo y del Consejo, de 21 de mayo, en su Art\u00edculo, 5.1, relativa a la resoluci\u00f3n alternativa de litigios en materia de consumo: Plataforma de resoluci\u00f3n de litigios en l\u00ednea: (<a href=\"https:\/\/ec.europa.eu\/consumers\/odr\/main\/index.cfm?event=main.home2.show&amp;lng=ES\" target=\"_blank\" rel=\"noopener\">click aqu\u00ed<\/a>).<\/p><h4>11. PROTECCI\u00d3N DE DATOS Y POL\u00cdTICA DE PRIVACIDAD<\/h4><p>Los USUARIOS\/CLIENTES se comprometen a navegar por los SITIOS WEB y a utilizar los contenidos de buena fe.<\/p><p>En cumplimiento de lo establecido en el Reglamento General de Protecci\u00f3n de Datos-UE-2016\/679, la LOPDGDD-3\/2018, la LSSI-34\/2002, y la Ley 9\/2014, General de Telecomunicaciones, le informamos de que la cumplimentaci\u00f3n de cualquier formulario existente en los, SITIOS WEB: <a href=\"https:\/\/expressate.es\/es\/\" target=\"_new\" rel=\"noreferrer\">www.expressate.es<\/a>\u00a0\/\u00a0<a href=\"http:\/\/www.cuida-te.es\/\" target=\"_new\" rel=\"noreferrer\">www.cuida-te.es<\/a>\u00a0\/\u00a0<a href=\"http:\/\/www.origensensations.es\/\" target=\"_new\" rel=\"noreferrer\">www.origensensations.es<\/a> o la remisi\u00f3n de un correo electr\u00f3nico a cualquiera de nuestros buzones implica la aceptaci\u00f3n de esta pol\u00edtica de privacidad, as\u00ed como la autorizaci\u00f3n al administrador de la p\u00e1gina web para que trate los datos personales que nos facilite, que ser\u00e1n incorporados al fichero, titularidad del Responsable del Tratamiento y\/o administrador de la p\u00e1gina web.<\/p><p>Los datos de los USUARIOS\/CLIENTES, ser\u00e1n utilizados para el env\u00edo a trav\u00e9s de correo electr\u00f3nico de las gestiones online y f\u00edsicas, que realice el administrador de la p\u00e1gina web.<\/p><p>Por la mera visita al SITIO WEB, los USUARIOS\/CLIENTES, no facilitan informaci\u00f3n personal ni est\u00e1 obligado a facilitarla.<\/p><p>El administrador de la p\u00e1gina web se compromete a guardar la m\u00e1xima reserva y confidencialidad sobre la informaci\u00f3n que le sea facilitada y a utilizarla \u00fanicamente para los fines indicados.<\/p><p>El administrador de la p\u00e1gina web presume que los datos han sido introducidos por su titular o por persona autorizada por \u00e9ste, as\u00ed como que son correctos y exactos.<\/p><p>Asimismo, EXPRESSATE, informa de la posibilidad de ejercer los derechos de acceso, que permite al usuario web, conocer que datos personales tiene el administrador de esta p\u00e1gina y en tal caso contestara en un plazo de 30 d\u00edas, siempre que conserve los datos, rectificaci\u00f3n, que permite corregir errores, modificar los datos que sean inexactos o incompletos y garantizar la certeza de la informaci\u00f3n, oposici\u00f3n que podr\u00e1 solicitar y conseguir que no lleve a cabo el tratamiento de datos, supresi\u00f3n que permite que se supriman los datos inadecuados o excesivos, limitaci\u00f3n, por el que puede solicitar que se limite el tratamiento de sus datos cuando haya ejercido su derecho a la rectificaci\u00f3n de sus datos personales, y portabilidad, para que el usuario pueda obtener una copia de los datos personales que haya facilitado en la web a fin de poder transmitirlos a otros servicios, estos derechos se podr\u00e1n ejercer por cualquier medio que deje constancia de su env\u00edo y de su recepci\u00f3n a la direcci\u00f3n del administrador de los, SITIO WEB, o al Correo electr\u00f3nico: info@cuida-te.es, aportando fotocopia del DNI o documentaci\u00f3n alternativa que acredite su identidad.<\/p><p>Mientras no nos comunique lo contrario, entenderemos que sus datos no han sido modificados, que usted se compromete a notificarnos cualquier variaci\u00f3n y que tenemos el consentimiento para utilizarlos a fin de poder fidelizar la relaci\u00f3n entre las partes.<\/p><p>El env\u00edo de sus datos mediante el\/los formularios de nuestra web estar\u00e1 supeditado obligatoriamente a que haya le\u00eddo\/aceptado las Condiciones de uso y Pol\u00edtica de privacidad.<\/p><p>De acuerdo con lo establecido en la Ley 34\/2002, de Servicios de la Sociedad de la Informaci\u00f3n y el Comercio Electr\u00f3nico en su art\u00edculo 21, pedimos su consentimiento para poder realizar comunicaciones publicitarias que consideremos puedan ser de su inter\u00e9s, por correo electr\u00f3nico o por cualquier otro medio de comunicaci\u00f3n electr\u00f3nica equivalente, este consentimiento lo aceptar\u00e1 con la aceptaci\u00f3n de estas condiciones de uso mediante un check box al pie del formulario o p\u00e1gina web.<\/p><p>Para modificar, actualizar o cancelar sus datos personales el USUARIO\/CLIENTE, escribir\u00e1 desde el correo electr\u00f3nico de su cuenta a, Info@cuida-te.es, con el asunto: \"Tratamiento de datos personales\".<\/p><p>Por lo tanto, el USUARIO\/CLIENTE es responsable de la veracidad de los datos y el administrador de la p\u00e1gina web no ser\u00e1 responsable de la inexactitud de los datos personales de los USUARIOS\/CLIENTES.<\/p><p>De acuerdo con la legislaci\u00f3n vigente en materia de protecci\u00f3n de datos, el administrador de la p\u00e1gina web ha adoptado los niveles de seguridad adecuados a los datos facilitados por los USUARIOS\/CLIENTES y, adem\u00e1s, ha instalado todos los medios y medidas a su alcance para evitar la p\u00e9rdida, mal uso, alteraci\u00f3n, acceso no autorizado y extracci\u00f3n de los mismos.<\/p>\t\t\t\t\t\t\t\t<\/div>\n\t\t\t\t<\/div>\n\t\t\t\t\t<\/div>\n\t\t<\/div>\n\t\t\t\t\t<\/div>\n\t\t<\/section>\n\t\t\t\t<section class=\"elementor-section elementor-top-section elementor-element elementor-element-5923a86a elementor-section-boxed elementor-section-height-default elementor-section-height-default sc_fly_static\" data-id=\"5923a86a\" data-element_type=\"section\">\n\t\t\t\t\t\t<div class=\"elementor-container elementor-column-gap-extended\">\n\t\t\t\t\t<div class=\"elementor-column elementor-col-100 elementor-top-column elementor-element elementor-element-247a0125 sc_inner_width_none sc_content_align_inherit sc_layouts_column_icons_position_left sc_fly_static\" data-id=\"247a0125\" data-element_type=\"column\">\n\t\t\t<div class=\"elementor-widget-wrap elementor-element-populated\">\n\t\t\t\t\t\t<div class=\"elementor-element elementor-element-50222c5a sc_fly_static elementor-widget elementor-widget-spacer\" data-id=\"50222c5a\" data-element_type=\"widget\" data-widget_type=\"spacer.default\">\n\t\t\t\t<div class=\"elementor-widget-container\">\n\t\t\t\t\t\t\t<div class=\"elementor-spacer\">\n\t\t\t<div class=\"elementor-spacer-inner\"><\/div>\n\t\t<\/div>\n\t\t\t\t\t\t<\/div>\n\t\t\t\t<\/div>\n\t\t\t\t\t<\/div>\n\t\t<\/div>\n\t\t\t\t\t<\/div>\n\t\t<\/section>\n\t\t\t\t<\/div>","protected":false},"excerpt":{"rendered":"<p>These terms and conditions of Use, and Privacy Policy, regulate the use according to law 34\/2002 of July 11, Information Society Services and Electronic Commerce of the WEBSITES www.expressate.es\u00a0\/\u00a0www.cuida-te.es\u00a0\/\u00a0www.origensensations.es of&hellip;<\/p>","protected":false},"author":1,"featured_media":0,"parent":0,"menu_order":0,"comment_status":"closed","ping_status":"closed","template":"","meta":{"footnotes":""},"class_list":["post-22586","page","type-page","status-publish","hentry"],"_links":{"self":[{"href":"https:\/\/expressate.es\/es\/wp-json\/wp\/v2\/pages\/22586","targetHints":{"allow":["GET"]}}],"collection":[{"href":"https:\/\/expressate.es\/es\/wp-json\/wp\/v2\/pages"}],"about":[{"href":"https:\/\/expressate.es\/es\/wp-json\/wp\/v2\/types\/page"}],"author":[{"embeddable":true,"href":"https:\/\/expressate.es\/es\/wp-json\/wp\/v2\/users\/1"}],"replies":[{"embeddable":true,"href":"https:\/\/expressate.es\/es\/wp-json\/wp\/v2\/comments?post=22586"}],"version-history":[{"count":4,"href":"https:\/\/expressate.es\/es\/wp-json\/wp\/v2\/pages\/22586\/revisions"}],"predecessor-version":[{"id":22592,"href":"https:\/\/expressate.es\/es\/wp-json\/wp\/v2\/pages\/22586\/revisions\/22592"}],"wp:attachment":[{"href":"https:\/\/expressate.es\/es\/wp-json\/wp\/v2\/media?parent=22586"}],"curies":[{"name":"wp","href":"https:\/\/api.w.org\/{rel}","templated":true}]}}